{"id":737,"date":"2015-06-09T10:23:48","date_gmt":"2015-06-09T10:23:48","guid":{"rendered":"http:\/\/maquinaria-para-la-madera.com\/cartonajes\/?page_id=381"},"modified":"2015-06-29T20:34:09","modified_gmt":"2015-06-29T20:34:09","slug":"localizacion-3","status":"publish","type":"page","link":"https:\/\/www.cartonajesarregui.es\/eusk\/localizacion-3\/","title":{"rendered":"KOKAPENA"},"content":{"rendered":"<p>[et_pb_section fullwidth=\u00bbon\u00bb specialty=\u00bboff\u00bb background_image=\u00bbhttp:\/\/www.cartonajesarregui.es\/wp-content\/uploads\/2015\/06\/MAPA.jpg\u00bb transparent_background=\u00bboff\u00bb background_color=\u00bb#ffffff\u00bb inner_shadow=\u00bboff\u00bb parallax=\u00bboff\u00bb parallax_method=\u00bboff\u00bb][et_pb_fullwidth_header admin_label=\u00bbFullwidth Header\u00bb title=\u00bbKOKAPENA\u00bb background_layout=\u00bbdark\u00bb text_orientation=\u00bbleft\u00bb \/][\/et_pb_section][et_pb_section fullwidth=\u00bbon\u00bb specialty=\u00bboff\u00bb][et_pb_fullwidth_map admin_label=\u00bbFullwidth Map\u00bb address=\u00bbGoribar Auzoa, O\u00f1ati, Gipuzkoa, Espa\u00f1a\u00bb zoom_level=\u00bb15&#8243; address_lat=\u00bb43.0420728&#8243; address_lng=\u00bb-2.419474400000013&#8243; mouse_wheel=\u00bbon\u00bb][et_pb_map_pin title=\u00bbCARTONAJES ARREGUI\u00bb pin_address=\u00bbPol\u00edgono Industrial Goribar, Goribar Auzoa, 18, 20569 O\u00f1ati, Gipuzkoa, Espa\u00f1a\u00bb pin_address_lat=\u00bb43.041947340689674&#8243; pin_address_lng=\u00bb-2.4224570164245733&#8243; \/][\/et_pb_fullwidth_map][\/et_pb_section]<\/p>\n","protected":false},"excerpt":{"rendered":"<p>[et_pb_section fullwidth=\u00bbon\u00bb specialty=\u00bboff\u00bb background_image=\u00bbhttp:\/\/www.cartonajesarregui.es\/wp-content\/uploads\/2015\/06\/MAPA.jpg\u00bb transparent_background=\u00bboff\u00bb background_color=\u00bb#ffffff\u00bb inner_shadow=\u00bboff\u00bb parallax=\u00bboff\u00bb parallax_method=\u00bboff\u00bb][et_pb_fullwidth_header admin_label=\u00bbFullwidth Header\u00bb title=\u00bbKOKAPENA\u00bb background_layout=\u00bbdark\u00bb text_orientation=\u00bbleft\u00bb \/][\/et_pb_section][et_pb_section fullwidth=\u00bbon\u00bb specialty=\u00bboff\u00bb][et_pb_fullwidth_map admin_label=\u00bbFullwidth Map\u00bb address=\u00bbGoribar Auzoa, O\u00f1ati, Gipuzkoa, Espa\u00f1a\u00bb zoom_level=\u00bb15&#8243; address_lat=\u00bb43.0420728&#8243; address_lng=\u00bb-2.419474400000013&#8243; mouse_wheel=\u00bbon\u00bb][et_pb_map_pin title=\u00bbCARTONAJES ARREGUI\u00bb pin_address=\u00bbPol\u00edgono Industrial Goribar, Goribar Auzoa, 18, 20569 O\u00f1ati, Gipuzkoa, Espa\u00f1a\u00bb pin_address_lat=\u00bb43.041947340689674&#8243; pin_address_lng=\u00bb-2.4224570164245733&#8243; \/][\/et_pb_fullwidth_map][\/et_pb_section]<\/p>\n","protected":false},"author":1,"featured_media":0,"parent":0,"menu_order":0,"comment_status":"open","ping_status":"open","template":"","meta":{"footnotes":""},"class_list":["post-737","page","type-page","status-publish","hentry"],"_links":{"self":[{"href":"https:\/\/www.cartonajesarregui.es\/eusk\/wp-json\/wp\/v2\/pages\/737","targetHints":{"allow":["GET"]}}],"collection":[{"href":"https:\/\/www.cartonajesarregui.es\/eusk\/wp-json\/wp\/v2\/pages"}],"about":[{"href":"https:\/\/www.cartonajesarregui.es\/eusk\/wp-json\/wp\/v2\/types\/page"}],"author":[{"embeddable":true,"href":"https:\/\/www.cartonajesarregui.es\/eusk\/wp-json\/wp\/v2\/users\/1"}],"replies":[{"embeddable":true,"href":"https:\/\/www.cartonajesarregui.es\/eusk\/wp-json\/wp\/v2\/comments?post=737"}],"version-history":[{"count":1,"href":"https:\/\/www.cartonajesarregui.es\/eusk\/wp-json\/wp\/v2\/pages\/737\/revisions"}],"predecessor-version":[{"id":1065,"href":"https:\/\/www.cartonajesarregui.es\/eusk\/wp-json\/wp\/v2\/pages\/737\/revisions\/1065"}],"wp:attachment":[{"href":"https:\/\/www.cartonajesarregui.es\/eusk\/wp-json\/wp\/v2\/media?parent=737"}],"curies":[{"name":"wp","href":"https:\/\/api.w.org\/{rel}","templated":true}]}}